{"id":2499,"date":"2024-08-10T17:37:09","date_gmt":"2024-08-10T17:37:09","guid":{"rendered":"https:\/\/thetuscanpaw.com\/?page_id=2499"},"modified":"2025-02-21T18:35:20","modified_gmt":"2025-02-21T18:35:20","slug":"cosa-offriamo","status":"publish","type":"page","link":"https:\/\/thetuscanpaw.com\/cosa-offriamo\/","title":{"rendered":"I Nostri Valori"},"content":{"rendered":"\t\t<div data-elementor-type=\"wp-page\" data-elementor-id=\"2499\" class=\"elementor elementor-2499\" data-elementor-post-type=\"page\">\n\t\t\t\t\t\t<section class=\"elementor-section elementor-top-section elementor-element elementor-element-cab6238 ct-section-stretched elementor-section-content-middle elementor-section-full_width elementor-section-height-default elementor-section-height-default\" data-id=\"cab6238\" data-element_type=\"section\" data-settings=\"{&quot;background_background&quot;:&quot;classic&quot;}\">\n\t\t\t\t\t\t\t<div class=\"elementor-background-overlay\"><\/div>\n\t\t\t\t\t\t\t<div class=\"elementor-container elementor-column-gap-custom\">\n\t\t\t\t\t<div class=\"elementor-column elementor-col-50 elementor-top-column elementor-element elementor-element-ab73247\" data-id=\"ab73247\" data-element_type=\"column\">\n\t\t\t<div class=\"elementor-widget-wrap elementor-element-populated\">\n\t\t\t\t\t\t<div class=\"elementor-element elementor-element-10b8087 elementor-widget elementor-widget-text-editor\" data-id=\"10b8087\" data-element_type=\"widget\" data-widget_type=\"text-editor.default\">\n\t\t\t\t<div class=\"elementor-widget-container\">\n\t\t\t\t\t\t\t\t\t<p>Siamo un&#8217;azienda dedicata a creare cibo sano e nutriente, pensato specificamente per i bassotti. Ogni nostra ricetta \u00e8 sviluppata con cura, utilizzando ingredienti naturali e rispettosi dell&#8217;ambiente. Il nostro obiettivo \u00e8 offrire ai vostri cani un&#8217;alimentazione di alta qualit\u00e0, che promuova la loro salute e il loro benessere.<\/p>\t\t\t\t\t\t\t\t<\/div>\n\t\t\t\t<\/div>\n\t\t\t\t\t<\/div>\n\t\t<\/div>\n\t\t\t\t<div class=\"elementor-column elementor-col-50 elementor-top-column elementor-element elementor-element-50c3a95\" data-id=\"50c3a95\" data-element_type=\"column\">\n\t\t\t<div class=\"elementor-widget-wrap elementor-element-populated\">\n\t\t\t\t\t\t<div class=\"elementor-element elementor-element-4f6f434 elementor-widget elementor-widget-image\" data-id=\"4f6f434\" data-element_type=\"widget\" data-widget_type=\"image.default\">\n\t\t\t\t<div class=\"elementor-widget-container\">\n\t\t\t\t\t\t\t\t\t\t\t\t\t\t\t<img loading=\"lazy\" decoding=\"async\" width=\"1000\" height=\"624\" src=\"https:\/\/thetuscanpaw.com\/wp-content\/uploads\/2025\/01\/shutterstock_1971661520.jpg\" class=\"attachment-large size-large wp-image-6349\" alt=\"\" srcset=\"https:\/\/thetuscanpaw.com\/wp-content\/uploads\/2025\/01\/shutterstock_1971661520.jpg 1000w, https:\/\/thetuscanpaw.com\/wp-content\/uploads\/2025\/01\/shutterstock_1971661520-768x479.jpg 768w, https:\/\/thetuscanpaw.com\/wp-content\/uploads\/2025\/01\/shutterstock_1971661520-300x187.jpg 300w, https:\/\/thetuscanpaw.com\/wp-content\/uploads\/2025\/01\/shutterstock_1971661520-600x374.jpg 600w\" sizes=\"auto, (max-width: 1000px) 100vw, 1000px\" \/>\t\t\t\t\t\t\t\t\t\t\t\t\t\t\t<\/div>\n\t\t\t\t<\/div>\n\t\t\t\t\t<\/div>\n\t\t<\/div>\n\t\t\t\t\t<\/div>\n\t\t<\/section>\n\t\t<div class=\"elementor-element elementor-element-b05f3bb e-flex e-con-boxed e-con e-parent\" data-id=\"b05f3bb\" data-element_type=\"container\">\n\t\t\t\t\t<div class=\"e-con-inner\">\n\t\t\t\t<div class=\"elementor-element elementor-element-5922d1e elementor-widget elementor-widget-spacer\" data-id=\"5922d1e\" data-element_type=\"widget\" data-widget_type=\"spacer.default\">\n\t\t\t\t<div class=\"elementor-widget-container\">\n\t\t\t\t\t\t\t<div class=\"elementor-spacer\">\n\t\t\t<div class=\"elementor-spacer-inner\"><\/div>\n\t\t<\/div>\n\t\t\t\t\t\t<\/div>\n\t\t\t\t<\/div>\n\t\t\t\t\t<\/div>\n\t\t\t\t<\/div>\n\t\t<div class=\"elementor-element elementor-element-792a804 e-flex e-con-boxed e-con e-parent\" data-id=\"792a804\" data-element_type=\"container\" data-settings=\"{&quot;background_background&quot;:&quot;classic&quot;}\">\n\t\t\t\t\t<div class=\"e-con-inner\">\n\t\t\t\t<div class=\"elementor-element elementor-element-22ca695 elementor-widget__width-initial elementor-widget elementor-widget-image\" data-id=\"22ca695\" data-element_type=\"widget\" data-widget_type=\"image.default\">\n\t\t\t\t<div class=\"elementor-widget-container\">\n\t\t\t\t\t\t\t\t\t\t\t\t\t\t\t<img loading=\"lazy\" decoding=\"async\" width=\"1000\" height=\"1000\" src=\"https:\/\/thetuscanpaw.com\/wp-content\/uploads\/2025\/01\/shutterstock_2077340170-Convertido.png\" class=\"attachment-large size-large wp-image-6353\" alt=\"\" srcset=\"https:\/\/thetuscanpaw.com\/wp-content\/uploads\/2025\/01\/shutterstock_2077340170-Convertido.png 1000w, https:\/\/thetuscanpaw.com\/wp-content\/uploads\/2025\/01\/shutterstock_2077340170-Convertido-200x200.png 200w, https:\/\/thetuscanpaw.com\/wp-content\/uploads\/2025\/01\/shutterstock_2077340170-Convertido-768x768.png 768w, https:\/\/thetuscanpaw.com\/wp-content\/uploads\/2025\/01\/shutterstock_2077340170-Convertido-300x300.png 300w, https:\/\/thetuscanpaw.com\/wp-content\/uploads\/2025\/01\/shutterstock_2077340170-Convertido-600x600.png 600w, https:\/\/thetuscanpaw.com\/wp-content\/uploads\/2025\/01\/shutterstock_2077340170-Convertido-100x100.png 100w\" sizes=\"auto, (max-width: 1000px) 100vw, 1000px\" \/>\t\t\t\t\t\t\t\t\t\t\t\t\t\t\t<\/div>\n\t\t\t\t<\/div>\n\t\t<div class=\"elementor-element elementor-element-50bc965 e-con-full e-flex e-con e-child\" data-id=\"50bc965\" data-element_type=\"container\">\n\t\t\t\t<div class=\"elementor-element elementor-element-b178560 elementor-widget elementor-widget-heading\" data-id=\"b178560\" data-element_type=\"widget\" data-widget_type=\"heading.default\">\n\t\t\t\t<div class=\"elementor-widget-container\">\n\t\t\t\t\t<h2 class=\"elementor-heading-title elementor-size-default\">Veri pionieri:<\/h2>\t\t\t\t<\/div>\n\t\t\t\t<\/div>\n\t\t\t\t<div class=\"elementor-element elementor-element-c635cdb elementor-widget__width-initial elementor-widget elementor-widget-text-editor\" data-id=\"c635cdb\" data-element_type=\"widget\" data-widget_type=\"text-editor.default\">\n\t\t\t\t<div class=\"elementor-widget-container\">\n\t\t\t\t\t\t\t\t\t<p>The Tuscan Paw \u00e8 orgogliosa di essere una delle aziende pioniere nel settore del pet food<br \/>che non solo si preoccupa della salute e del benessere degli animali, ma anche di<br \/>sensibilizzare l&#8217;opinione pubblica e di avere un impatto positivo sul nostro futuro. I<br \/>cambiamenti climatici e l&#8217;inquinamento non sono pi\u00f9 solo un argomento di discussione per<br \/>l&#8217;\u00e9lite. Sono diventati molto reali e crediamo che presto saranno all&#8217;attenzione di tutti.<br \/>Gli alimenti per animali domestici, e in particolare quelli per cani, sono tra i principali<br \/>responsabili dell&#8217;abuso dell&#8217;impronta di carbonio e The Tuscan Paw ha preso una posizione<br \/>decisiva per cambiare il corso e la reputazione del nostro settore.<\/p>\t\t\t\t\t\t\t\t<\/div>\n\t\t\t\t<\/div>\n\t\t\t\t<\/div>\n\t\t\t\t\t<\/div>\n\t\t\t\t<\/div>\n\t\t\t\t<section class=\"elementor-section elementor-top-section elementor-element elementor-element-ba38bcd elementor-section-boxed elementor-section-height-default elementor-section-height-default\" data-id=\"ba38bcd\" data-element_type=\"section\">\n\t\t\t\t\t\t<div class=\"elementor-container elementor-column-gap-default\">\n\t\t\t\t\t<div class=\"elementor-column elementor-col-33 elementor-top-column elementor-element elementor-element-48cade3\" data-id=\"48cade3\" data-element_type=\"column\" data-settings=\"{&quot;background_background&quot;:&quot;classic&quot;}\" https=\"\">\n\t\t\t<div class=\"elementor-widget-wrap elementor-element-populated\">\n\t\t\t\t\t\t<div class=\"elementor-element elementor-element-1a7e586 elementor-view-default elementor-widget elementor-widget-icon\" data-id=\"1a7e586\" data-element_type=\"widget\" data-widget_type=\"icon.default\">\n\t\t\t\t<div class=\"elementor-widget-container\">\n\t\t\t\t\t\t\t<div class=\"elementor-icon-wrapper\">\n\t\t\t<div class=\"elementor-icon\">\n\t\t\t<svg aria-hidden=\"true\" class=\"e-font-icon-svg e-fas-paw\" viewBox=\"0 0 512 512\" xmlns=\"http:\/\/www.w3.org\/2000\/svg\"><path d=\"M256 224c-79.41 0-192 122.76-192 200.25 0 34.9 26.81 55.75 71.74 55.75 48.84 0 81.09-25.08 120.26-25.08 39.51 0 71.85 25.08 120.26 25.08 44.93 0 71.74-20.85 71.74-55.75C448 346.76 335.41 224 256 224zm-147.28-12.61c-10.4-34.65-42.44-57.09-71.56-50.13-29.12 6.96-44.29 40.69-33.89 75.34 10.4 34.65 42.44 57.09 71.56 50.13 29.12-6.96 44.29-40.69 33.89-75.34zm84.72-20.78c30.94-8.14 46.42-49.94 34.58-93.36s-46.52-72.01-77.46-63.87-46.42 49.94-34.58 93.36c11.84 43.42 46.53 72.02 77.46 63.87zm281.39-29.34c-29.12-6.96-61.15 15.48-71.56 50.13-10.4 34.65 4.77 68.38 33.89 75.34 29.12 6.96 61.15-15.48 71.56-50.13 10.4-34.65-4.77-68.38-33.89-75.34zm-156.27 29.34c30.94 8.14 65.62-20.45 77.46-63.87 11.84-43.42-3.64-85.21-34.58-93.36s-65.62 20.45-77.46 63.87c-11.84 43.42 3.64 85.22 34.58 93.36z\"><\/path><\/svg>\t\t\t<\/div>\n\t\t<\/div>\n\t\t\t\t\t\t<\/div>\n\t\t\t\t<\/div>\n\t\t\t\t<div class=\"elementor-element elementor-element-c6620f7 elementor-widget elementor-widget-heading\" data-id=\"c6620f7\" data-element_type=\"widget\" data-widget_type=\"heading.default\">\n\t\t\t\t<div class=\"elementor-widget-container\">\n\t\t\t\t\t<h4 class=\"elementor-heading-title elementor-size-default\">Fai la differenza<\/h4>\t\t\t\t<\/div>\n\t\t\t\t<\/div>\n\t\t\t\t<div class=\"elementor-element elementor-element-5f0be7e elementor-widget elementor-widget-text-editor\" data-id=\"5f0be7e\" data-element_type=\"widget\" data-widget_type=\"text-editor.default\">\n\t\t\t\t<div class=\"elementor-widget-container\">\n\t\t\t\t\t\t\t\t\t<p>In The Tuscan Paw crediamo nell&#8217;importanza di restituire alla comunit\u00e0. Per questo motivo, destiniamo una parte del nostro profitto alle fondazioni che si occupano di cani senza casa.<\/p>\t\t\t\t\t\t\t\t<\/div>\n\t\t\t\t<\/div>\n\t\t\t\t\t<\/div>\n\t\t<\/div>\n\t\t\t\t<div class=\"elementor-column elementor-col-33 elementor-top-column elementor-element elementor-element-6bbed47\" data-id=\"6bbed47\" data-element_type=\"column\" data-settings=\"{&quot;background_background&quot;:&quot;classic&quot;}\">\n\t\t\t<div class=\"elementor-widget-wrap elementor-element-populated\">\n\t\t\t\t\t\t<div class=\"elementor-element elementor-element-934e460 elementor-view-default elementor-widget elementor-widget-icon\" data-id=\"934e460\" data-element_type=\"widget\" data-widget_type=\"icon.default\">\n\t\t\t\t<div class=\"elementor-widget-container\">\n\t\t\t\t\t\t\t<div class=\"elementor-icon-wrapper\">\n\t\t\t<div class=\"elementor-icon\">\n\t\t\t<svg aria-hidden=\"true\" class=\"e-font-icon-svg e-fas-dog\" viewBox=\"0 0 576 512\" xmlns=\"http:\/\/www.w3.org\/2000\/svg\"><path d=\"M298.06,224,448,277.55V496a16,16,0,0,1-16,16H368a16,16,0,0,1-16-16V384H192V496a16,16,0,0,1-16,16H112a16,16,0,0,1-16-16V282.09C58.84,268.84,32,233.66,32,192a32,32,0,0,1,64,0,32.06,32.06,0,0,0,32,32ZM544,112v32a64,64,0,0,1-64,64H448v35.58L320,197.87V48c0-14.25,17.22-21.39,27.31-11.31L374.59,64h53.63c10.91,0,23.75,7.92,28.62,17.69L464,96h64A16,16,0,0,1,544,112Zm-112,0a16,16,0,1,0-16,16A16,16,0,0,0,432,112Z\"><\/path><\/svg>\t\t\t<\/div>\n\t\t<\/div>\n\t\t\t\t\t\t<\/div>\n\t\t\t\t<\/div>\n\t\t\t\t<div class=\"elementor-element elementor-element-0e59327 elementor-widget elementor-widget-heading\" data-id=\"0e59327\" data-element_type=\"widget\" data-widget_type=\"heading.default\">\n\t\t\t\t<div class=\"elementor-widget-container\">\n\t\t\t\t\t<h4 class=\"elementor-heading-title elementor-size-default\">Fai parte della comunit\u00e0<\/h4>\t\t\t\t<\/div>\n\t\t\t\t<\/div>\n\t\t\t\t<div class=\"elementor-element elementor-element-8b9d4e7 elementor-widget elementor-widget-text-editor\" data-id=\"8b9d4e7\" data-element_type=\"widget\" data-widget_type=\"text-editor.default\">\n\t\t\t\t<div class=\"elementor-widget-container\">\n\t\t\t\t\t\t\t\t\t<p>Unisciti alla comunit\u00e0 di The Tuscan Paw! Goditi vantaggi esclusivi su ordini e spedizioni, anteprime dei nuovi arrivi e offerte speciali. Entra a far parte della nostra famiglia e scopri il meglio per il tuo amico a quattro zampe!<\/p>\t\t\t\t\t\t\t\t<\/div>\n\t\t\t\t<\/div>\n\t\t\t\t\t<\/div>\n\t\t<\/div>\n\t\t\t\t<div class=\"elementor-column elementor-col-33 elementor-top-column elementor-element elementor-element-17cb557\" data-id=\"17cb557\" data-element_type=\"column\" data-settings=\"{&quot;background_background&quot;:&quot;classic&quot;}\">\n\t\t\t<div class=\"elementor-widget-wrap elementor-element-populated\">\n\t\t\t\t\t\t<div class=\"elementor-element elementor-element-dedf98d elementor-view-default elementor-widget elementor-widget-icon\" data-id=\"dedf98d\" data-element_type=\"widget\" data-widget_type=\"icon.default\">\n\t\t\t\t<div class=\"elementor-widget-container\">\n\t\t\t\t\t\t\t<div class=\"elementor-icon-wrapper\">\n\t\t\t<div class=\"elementor-icon\">\n\t\t\t<svg aria-hidden=\"true\" class=\"e-font-icon-svg e-far-comments\" viewBox=\"0 0 576 512\" xmlns=\"http:\/\/www.w3.org\/2000\/svg\"><path d=\"M532 386.2c27.5-27.1 44-61.1 44-98.2 0-80-76.5-146.1-176.2-157.9C368.3 72.5 294.3 32 208 32 93.1 32 0 103.6 0 192c0 37 16.5 71 44 98.2-15.3 30.7-37.3 54.5-37.7 54.9-6.3 6.7-8.1 16.5-4.4 25 3.6 8.5 12 14 21.2 14 53.5 0 96.7-20.2 125.2-38.8 9.2 2.1 18.7 3.7 28.4 4.9C208.1 407.6 281.8 448 368 448c20.8 0 40.8-2.4 59.8-6.8C456.3 459.7 499.4 480 553 480c9.2 0 17.5-5.5 21.2-14 3.6-8.5 1.9-18.3-4.4-25-.4-.3-22.5-24.1-37.8-54.8zm-392.8-92.3L122.1 305c-14.1 9.1-28.5 16.3-43.1 21.4 2.7-4.7 5.4-9.7 8-14.8l15.5-31.1L77.7 256C64.2 242.6 48 220.7 48 192c0-60.7 73.3-112 160-112s160 51.3 160 112-73.3 112-160 112c-16.5 0-33-1.9-49-5.6l-19.8-4.5zM498.3 352l-24.7 24.4 15.5 31.1c2.6 5.1 5.3 10.1 8 14.8-14.6-5.1-29-12.3-43.1-21.4l-17.1-11.1-19.9 4.6c-16 3.7-32.5 5.6-49 5.6-54 0-102.2-20.1-131.3-49.7C338 339.5 416 272.9 416 192c0-3.4-.4-6.7-.7-10C479.7 196.5 528 238.8 528 288c0 28.7-16.2 50.6-29.7 64z\"><\/path><\/svg>\t\t\t<\/div>\n\t\t<\/div>\n\t\t\t\t\t\t<\/div>\n\t\t\t\t<\/div>\n\t\t\t\t<div class=\"elementor-element elementor-element-07382c9 elementor-widget elementor-widget-heading\" data-id=\"07382c9\" data-element_type=\"widget\" data-widget_type=\"heading.default\">\n\t\t\t\t<div class=\"elementor-widget-container\">\n\t\t\t\t\t<h4 class=\"elementor-heading-title elementor-size-default\">Scopri i nostri valori<\/h4>\t\t\t\t<\/div>\n\t\t\t\t<\/div>\n\t\t\t\t<div class=\"elementor-element elementor-element-3d81122 elementor-widget elementor-widget-text-editor\" data-id=\"3d81122\" data-element_type=\"widget\" data-widget_type=\"text-editor.default\">\n\t\t\t\t<div class=\"elementor-widget-container\">\n\t\t\t\t\t\t\t\t\t<p>Ci impegniamo per un futuro sostenibile utilizzando materiali ecologici. I nostri imballaggi sono realizzati in cartone 100% riciclabile e utilizziamo Alutray per ridurre l&#8217;impatto ambientale. Sosteniamo un mondo pi\u00f9 verde, una scelta alla volta.<\/p>\t\t\t\t\t\t\t\t<\/div>\n\t\t\t\t<\/div>\n\t\t\t\t\t<\/div>\n\t\t<\/div>\n\t\t\t\t\t<\/div>\n\t\t<\/section>\n\t\t\t\t<section class=\"elementor-section elementor-top-section elementor-element elementor-element-faa756e elementor-section-content-middle elementor-section-full_width elementor-section-height-default elementor-section-height-default\" data-id=\"faa756e\" data-element_type=\"section\" data-settings=\"{&quot;background_background&quot;:&quot;gradient&quot;}\">\n\t\t\t\t\t\t<div class=\"elementor-container elementor-column-gap-default\">\n\t\t\t\t\t<div class=\"elementor-column elementor-col-50 elementor-top-column elementor-element elementor-element-16d26df\" data-id=\"16d26df\" data-element_type=\"column\">\n\t\t\t<div class=\"elementor-widget-wrap elementor-element-populated\">\n\t\t\t\t\t\t<div class=\"elementor-element elementor-element-7d94832 elementor-widget elementor-widget-text-editor\" data-id=\"7d94832\" data-element_type=\"widget\" data-widget_type=\"text-editor.default\">\n\t\t\t\t<div class=\"elementor-widget-container\">\n\t\t\t\t\t\t\t\t\t<p>VOGLIA DI LEGGERE<\/p>\t\t\t\t\t\t\t\t<\/div>\n\t\t\t\t<\/div>\n\t\t\t\t<div class=\"elementor-element elementor-element-388baca elementor-widget elementor-widget-heading\" data-id=\"388baca\" data-element_type=\"widget\" data-widget_type=\"heading.default\">\n\t\t\t\t<div class=\"elementor-widget-container\">\n\t\t\t\t\t<h2 class=\"elementor-heading-title elementor-size-default\">Articoli Interessanti sui Bassotti<\/h2>\t\t\t\t<\/div>\n\t\t\t\t<\/div>\n\t\t\t\t\t<\/div>\n\t\t<\/div>\n\t\t\t\t<div class=\"elementor-column elementor-col-50 elementor-top-column elementor-element elementor-element-5246402\" data-id=\"5246402\" data-element_type=\"column\">\n\t\t\t<div class=\"elementor-widget-wrap elementor-element-populated\">\n\t\t\t\t\t\t<div class=\"elementor-element elementor-element-8fd655c elementor-align-right elementor-mobile-align-center elementor-widget elementor-widget-button\" data-id=\"8fd655c\" data-element_type=\"widget\" data-widget_type=\"button.default\">\n\t\t\t\t<div class=\"elementor-widget-container\">\n\t\t\t\t\t\t\t\t\t<div class=\"elementor-button-wrapper\">\n\t\t\t\t\t<a class=\"elementor-button elementor-button-link elementor-size-sm\" href=\"https:\/\/thetuscanpaw.com\/blog\/\">\n\t\t\t\t\t\t<span class=\"elementor-button-content-wrapper\">\n\t\t\t\t\t\t\t\t\t<span class=\"elementor-button-text\">Vedi Tutto<\/span>\n\t\t\t\t\t<\/span>\n\t\t\t\t\t<\/a>\n\t\t\t\t<\/div>\n\t\t\t\t\t\t\t\t<\/div>\n\t\t\t\t<\/div>\n\t\t\t\t\t<\/div>\n\t\t<\/div>\n\t\t\t\t\t<\/div>\n\t\t<\/section>\n\t\t\t\t<section class=\"elementor-section elementor-top-section elementor-element elementor-element-66f18af elementor-section-boxed elementor-section-height-default elementor-section-height-default\" data-id=\"66f18af\" data-element_type=\"section\">\n\t\t\t\t\t\t<div class=\"elementor-container elementor-column-gap-default\">\n\t\t\t\t\t<div class=\"elementor-column elementor-col-100 elementor-top-column elementor-element elementor-element-4248b90\" data-id=\"4248b90\" data-element_type=\"column\">\n\t\t\t<div class=\"elementor-widget-wrap elementor-element-populated\">\n\t\t\t\t\t\t<div class=\"elementor-element elementor-element-347de62 elementor-widget elementor-widget-shortcode\" data-id=\"347de62\" data-element_type=\"widget\" data-widget_type=\"shortcode.default\">\n\t\t\t\t<div class=\"elementor-widget-container\">\n\t\t\t\t\t\t\t<div class=\"elementor-shortcode\"><div class=\"ct-posts-shortcode\" data-prefix=\"blog\"><div class=\"entries\" data-archive=\"default\" data-layout=\"grid\" data-cards=\"simple\" data-hover=\"zoom-in\"><article class=\"entry-card card-content post-465 post type-post status-publish format-standard has-post-thumbnail hentry category-non-categorizzato\" data-reveal=\"bottom:no\"><a class=\"ct-media-container has-hover-effect\" href=\"https:\/\/thetuscanpaw.com\/intelligenza-del-bassotto\/\" aria-label=\"L&#8217;Intelligenza del Bassotto\"><img decoding=\"async\" width=\"768\" height=\"512\" src=\"https:\/\/thetuscanpaw.com\/wp-content\/uploads\/2024\/08\/cute-puppy-dachshund-dog-posing-isolated-brown-background-768x512.png\" class=\"attachment-medium_large size-medium_large wp-post-image\" alt=\"\" loading=\"lazy\" srcset=\"https:\/\/thetuscanpaw.com\/wp-content\/uploads\/2024\/08\/cute-puppy-dachshund-dog-posing-isolated-brown-background-768x512.png 768w, https:\/\/thetuscanpaw.com\/wp-content\/uploads\/2024\/08\/cute-puppy-dachshund-dog-posing-isolated-brown-background-300x200.png 300w, https:\/\/thetuscanpaw.com\/wp-content\/uploads\/2024\/08\/cute-puppy-dachshund-dog-posing-isolated-brown-background-600x400.png 600w, https:\/\/thetuscanpaw.com\/wp-content\/uploads\/2024\/08\/cute-puppy-dachshund-dog-posing-isolated-brown-background.png 1000w\" sizes=\"auto, (max-width: 768px) 100vw, 768px\" itemprop=\"image\" style=\"aspect-ratio: 1000\/667;\" \/><\/a><h2 class=\"entry-title\"><a href=\"https:\/\/thetuscanpaw.com\/intelligenza-del-bassotto\/\" rel=\"bookmark\">L&#8217;Intelligenza del Bassotto<\/a><\/h2><ul class=\"entry-meta\" data-type=\"simple:slash\" data-id=\"9kbpMB\" ><li class=\"meta-date\" itemprop=\"datePublished\"><time class=\"ct-meta-element-date\" datetime=\"2024-08-08T15:48:45+00:00\">Agosto 8, 2024<\/time><\/li><\/ul><\/article><article class=\"entry-card card-content post-512 post type-post status-publish format-standard has-post-thumbnail hentry category-non-categorizzato\" data-reveal=\"bottom:no\"><a class=\"ct-media-container has-hover-effect\" href=\"https:\/\/thetuscanpaw.com\/la-storia-del-bassotto\/\" aria-label=\"La Storia del Bassotto\"><img decoding=\"async\" width=\"768\" height=\"512\" src=\"https:\/\/thetuscanpaw.com\/wp-content\/uploads\/2025\/01\/DOGSRUN54-768x512.png\" class=\"attachment-medium_large size-medium_large wp-post-image\" alt=\"\" loading=\"lazy\" srcset=\"https:\/\/thetuscanpaw.com\/wp-content\/uploads\/2025\/01\/DOGSRUN54-768x512.png 768w, https:\/\/thetuscanpaw.com\/wp-content\/uploads\/2025\/01\/DOGSRUN54-300x200.png 300w, https:\/\/thetuscanpaw.com\/wp-content\/uploads\/2025\/01\/DOGSRUN54-600x400.png 600w, https:\/\/thetuscanpaw.com\/wp-content\/uploads\/2025\/01\/DOGSRUN54.png 1000w\" sizes=\"auto, (max-width: 768px) 100vw, 768px\" itemprop=\"image\" style=\"aspect-ratio: 1000\/667;\" \/><\/a><h2 class=\"entry-title\"><a href=\"https:\/\/thetuscanpaw.com\/la-storia-del-bassotto\/\" rel=\"bookmark\">La Storia del Bassotto<\/a><\/h2><ul class=\"entry-meta\" data-type=\"simple:slash\" data-id=\"9kbpMB\" ><li class=\"meta-date\" itemprop=\"datePublished\"><time class=\"ct-meta-element-date\" datetime=\"2021-12-02T21:40:40+00:00\">Dicembre 2, 2021<\/time><\/li><\/ul><\/article><article class=\"entry-card card-content post-583 post type-post status-publish format-standard has-post-thumbnail hentry category-non-categorizzato\" data-reveal=\"bottom:no\"><a class=\"ct-media-container has-hover-effect\" href=\"https:\/\/thetuscanpaw.com\/la-lealta-del-bassotto\/\" aria-label=\"La Lealt\u00e0 del Bassotto\"><img decoding=\"async\" width=\"768\" height=\"512\" src=\"https:\/\/thetuscanpaw.com\/wp-content\/uploads\/2021\/12\/close-up-beautiful-dachshund-dog-with-chewing-toy-768x512.png\" class=\"attachment-medium_large size-medium_large wp-post-image\" alt=\"\" loading=\"lazy\" srcset=\"https:\/\/thetuscanpaw.com\/wp-content\/uploads\/2021\/12\/close-up-beautiful-dachshund-dog-with-chewing-toy-768x512.png 768w, https:\/\/thetuscanpaw.com\/wp-content\/uploads\/2021\/12\/close-up-beautiful-dachshund-dog-with-chewing-toy-300x200.png 300w, https:\/\/thetuscanpaw.com\/wp-content\/uploads\/2021\/12\/close-up-beautiful-dachshund-dog-with-chewing-toy-600x400.png 600w, https:\/\/thetuscanpaw.com\/wp-content\/uploads\/2021\/12\/close-up-beautiful-dachshund-dog-with-chewing-toy.png 1000w\" sizes=\"auto, (max-width: 768px) 100vw, 768px\" itemprop=\"image\" style=\"aspect-ratio: 1000\/667;\" \/><\/a><h2 class=\"entry-title\"><a href=\"https:\/\/thetuscanpaw.com\/la-lealta-del-bassotto\/\" rel=\"bookmark\">La Lealt\u00e0 del Bassotto<\/a><\/h2><ul class=\"entry-meta\" data-type=\"simple:slash\" data-id=\"9kbpMB\" ><li class=\"meta-date\" itemprop=\"datePublished\"><time class=\"ct-meta-element-date\" datetime=\"2021-12-02T15:52:02+00:00\">Dicembre 2, 2021<\/time><\/li><\/ul><\/article><article class=\"entry-card card-content post-462 post type-post status-publish format-standard has-post-thumbnail hentry category-non-categorizzato\" data-reveal=\"bottom:no\"><a class=\"ct-media-container has-hover-effect\" href=\"https:\/\/thetuscanpaw.com\/dignissim-cras-tincidunt-lobortis\/\" aria-label=\"Il Carattere del Bassotto\"><img decoding=\"async\" width=\"768\" height=\"512\" src=\"https:\/\/thetuscanpaw.com\/wp-content\/uploads\/2021\/12\/portrait-black-dachshund-puppy-768x512.png\" class=\"attachment-medium_large size-medium_large wp-post-image\" alt=\"\" loading=\"lazy\" srcset=\"https:\/\/thetuscanpaw.com\/wp-content\/uploads\/2021\/12\/portrait-black-dachshund-puppy-768x512.png 768w, https:\/\/thetuscanpaw.com\/wp-content\/uploads\/2021\/12\/portrait-black-dachshund-puppy-300x200.png 300w, https:\/\/thetuscanpaw.com\/wp-content\/uploads\/2021\/12\/portrait-black-dachshund-puppy-600x400.png 600w, https:\/\/thetuscanpaw.com\/wp-content\/uploads\/2021\/12\/portrait-black-dachshund-puppy.png 1000w\" sizes=\"auto, (max-width: 768px) 100vw, 768px\" itemprop=\"image\" style=\"aspect-ratio: 1000\/667;\" \/><\/a><h2 class=\"entry-title\"><a href=\"https:\/\/thetuscanpaw.com\/dignissim-cras-tincidunt-lobortis\/\" rel=\"bookmark\">Il Carattere del Bassotto<\/a><\/h2><ul class=\"entry-meta\" data-type=\"simple:slash\" data-id=\"9kbpMB\" ><li class=\"meta-date\" itemprop=\"datePublished\"><time class=\"ct-meta-element-date\" datetime=\"2021-12-02T15:47:22+00:00\">Dicembre 2, 2021<\/time><\/li><\/ul><\/article><\/div><\/div><\/div>\n\t\t\t\t\t\t<\/div>\n\t\t\t\t<\/div>\n\t\t\t\t\t<\/div>\n\t\t<\/div>\n\t\t\t\t\t<\/div>\n\t\t<\/section>\n\t\t\t\t<\/div>\n\t\t","protected":false},"excerpt":{"rendered":"<p>Siamo un&#8217;azienda dedicata a creare cibo sano e nutriente, pensato specificamente per i bassotti. Ogni nostra ricetta \u00e8 sviluppata con cura, utilizzando ingredienti naturali e rispettosi dell&#8217;ambiente. Il nostro obiettivo \u00e8 offrire ai vostri cani un&#8217;alimentazione di alta qualit\u00e0, che promuova la loro salute e il loro benessere. Veri pionieri: The Tuscan Paw \u00e8 orgogliosa [&hellip;]<\/p>\n","protected":false},"author":1,"featured_media":0,"parent":0,"menu_order":0,"comment_status":"closed","ping_status":"closed","template":"","meta":{"footnotes":""},"class_list":["post-2499","page","type-page","status-publish","hentry"],"blocksy_meta":[],"_links":{"self":[{"href":"https:\/\/thetuscanpaw.com\/wp-json\/wp\/v2\/pages\/2499","targetHints":{"allow":["GET"]}}],"collection":[{"href":"https:\/\/thetuscanpaw.com\/wp-json\/wp\/v2\/pages"}],"about":[{"href":"https:\/\/thetuscanpaw.com\/wp-json\/wp\/v2\/types\/page"}],"author":[{"embeddable":true,"href":"https:\/\/thetuscanpaw.com\/wp-json\/wp\/v2\/users\/1"}],"replies":[{"embeddable":true,"href":"https:\/\/thetuscanpaw.com\/wp-json\/wp\/v2\/comments?post=2499"}],"version-history":[{"count":152,"href":"https:\/\/thetuscanpaw.com\/wp-json\/wp\/v2\/pages\/2499\/revisions"}],"predecessor-version":[{"id":6533,"href":"https:\/\/thetuscanpaw.com\/wp-json\/wp\/v2\/pages\/2499\/revisions\/6533"}],"wp:attachment":[{"href":"https:\/\/thetuscanpaw.com\/wp-json\/wp\/v2\/media?parent=2499"}],"curies":[{"name":"wp","href":"https:\/\/api.w.org\/{rel}","templated":true}]}}