{"id":64,"date":"2021-11-30T13:52:52","date_gmt":"2021-11-30T13:52:52","guid":{"rendered":"https:\/\/startersites.io\/blocksy\/petsy\/?page_id=64"},"modified":"2024-12-18T13:21:59","modified_gmt":"2024-12-18T13:21:59","slug":"negozio","status":"publish","type":"page","link":"https:\/\/thetuscanpaw.com\/negozio\/","title":{"rendered":"Negozio"},"content":{"rendered":"\t\t<div data-elementor-type=\"wp-page\" data-elementor-id=\"64\" class=\"elementor elementor-64\" data-elementor-post-type=\"page\">\n\t\t\t\t<div class=\"elementor-element elementor-element-9a88c34 e-flex e-con-boxed e-con e-parent\" data-id=\"9a88c34\" data-element_type=\"container\">\n\t\t\t\t\t<div class=\"e-con-inner\">\n\t\t\t\t<div class=\"elementor-element elementor-element-1c8ba62 elementor-widget elementor-widget-spacer\" data-id=\"1c8ba62\" data-element_type=\"widget\" data-widget_type=\"spacer.default\">\n\t\t\t\t<div class=\"elementor-widget-container\">\n\t\t\t\t\t\t\t<div class=\"elementor-spacer\">\n\t\t\t<div class=\"elementor-spacer-inner\"><\/div>\n\t\t<\/div>\n\t\t\t\t\t\t<\/div>\n\t\t\t\t<\/div>\n\t\t\t\t<div class=\"elementor-element elementor-element-ba143e9 elementor-widget elementor-widget-heading\" data-id=\"ba143e9\" data-element_type=\"widget\" data-widget_type=\"heading.default\">\n\t\t\t\t<div class=\"elementor-widget-container\">\n\t\t\t\t\t<h2 class=\"elementor-heading-title elementor-size-default\">Prodotti <\/h2>\t\t\t\t<\/div>\n\t\t\t\t<\/div>\n\t\t\t\t<div class=\"elementor-element elementor-element-028959a elementor-widget elementor-widget-text-editor\" data-id=\"028959a\" data-element_type=\"widget\" data-widget_type=\"text-editor.default\">\n\t\t\t\t<div class=\"elementor-widget-container\">\n\t\t\t\t\t\t\t\t\t<p>Realizzato con carne di manzo fresca e di alta qualit\u00e0, il nostro pat\u00e9 offre un&#8217;alimentazione ricca di proteine e povera di grassi. Perfetto per soddisfare il palato del tuo peloso, questo pat\u00e9 \u00e8 anche facilmente digeribile e ideale per cani di tutte le et\u00e0. Un pasto sano e delizioso, sempre pronto, ordina subito!<\/p>\t\t\t\t\t\t\t\t<\/div>\n\t\t\t\t<\/div>\n\t\t\t\t<div class=\"elementor-element elementor-element-1feec70 elementor-grid-2 elementor-grid-tablet-3 elementor-grid-mobile-2 elementor-products-grid elementor-wc-products elementor-widget elementor-widget-woocommerce-products\" data-id=\"1feec70\" data-element_type=\"widget\" data-widget_type=\"woocommerce-products.default\">\n\t\t\t\t<div class=\"elementor-widget-container\">\n\t\t\t\t\t<div class=\"woocommerce columns-2 \"><ul class=\"products elementor-grid columns-2\" data-products=\"type-1\" data-hover=\"zoom-in\">\n<li class=\"product type-product post-5130 status-publish first instock product_cat-cibo product_cat-senza-categoria has-post-thumbnail sale shipping-taxable purchasable product-type-simple\">\n\t<a href=\"https:\/\/thetuscanpaw.com\/negozio\/pate-di-manzo-con-verdure-x-60-unita\/\" class=\"woocommerce-LoopProduct-link woocommerce-loop-product__link\">\n\t<span class=\"onsale\" data-shape=\"type-2\">OFFERTA<\/span>\n\t<img loading=\"lazy\" decoding=\"async\" width=\"300\" height=\"300\" src=\"https:\/\/thetuscanpaw.com\/wp-content\/uploads\/2024\/12\/MANZO-300x300.jpg\" class=\"attachment-woocommerce_thumbnail size-woocommerce_thumbnail\" alt=\"Pat\u00e9 di Manzo con verdure x 60 unit\u00e0\" srcset=\"https:\/\/thetuscanpaw.com\/wp-content\/uploads\/2024\/12\/MANZO-300x300.jpg 300w, https:\/\/thetuscanpaw.com\/wp-content\/uploads\/2024\/12\/MANZO-150x150.jpg 150w, https:\/\/thetuscanpaw.com\/wp-content\/uploads\/2024\/12\/MANZO-768x768.jpg 768w, https:\/\/thetuscanpaw.com\/wp-content\/uploads\/2024\/12\/MANZO-600x600.jpg 600w, https:\/\/thetuscanpaw.com\/wp-content\/uploads\/2024\/12\/MANZO-100x100.jpg 100w, https:\/\/thetuscanpaw.com\/wp-content\/uploads\/2024\/12\/MANZO.jpg 1000w\" sizes=\"auto, (max-width: 300px) 100vw, 300px\" \/><h2 class=\"woocommerce-loop-product__title\">Pat\u00e9 di Manzo con verdure x 60 unit\u00e0<\/h2>\n\t<span class=\"price\"><span class=\"sale-price\"><del aria-hidden=\"true\"><span class=\"woocommerce-Price-amount amount\"><bdi>135,00&nbsp;<span class=\"woocommerce-Price-currencySymbol\">&euro;<\/span><\/bdi><\/span><\/del> <span class=\"screen-reader-text\">Il prezzo originale era: 135,00&nbsp;&euro;.<\/span><ins aria-hidden=\"true\"><span class=\"woocommerce-Price-amount amount\"><bdi>94,50&nbsp;<span class=\"woocommerce-Price-currencySymbol\">&euro;<\/span><\/bdi><\/span><\/ins><span class=\"screen-reader-text\">Il prezzo attuale \u00e8: 94,50&nbsp;&euro;.<\/span><\/span><\/span>\n<\/a><a href=\"?add-to-cart=5130\" aria-describedby=\"woocommerce_loop_add_to_cart_link_describedby_5130\" data-quantity=\"1\" class=\"button product_type_simple add_to_cart_button ajax_add_to_cart\" data-product_id=\"5130\" data-product_sku=\"POMAVE.60P150\" aria-label=\"Aggiungi al carrello: &quot;Pat\u00e9 di Manzo con verdure x 60 unit\u00e0&quot;\" rel=\"nofollow\" data-success_message=\"&quot;Pat\u00e9 di Manzo con verdure x 60 unit\u00e0&quot; \u00e8 stato aggiunto al tuo carrello.\">Aggiungi al carrello<\/a>\t<span id=\"woocommerce_loop_add_to_cart_link_describedby_5130\" class=\"screen-reader-text\">\n\t\t\t<\/span>\n<\/li>\n<li class=\"product type-product post-71 status-publish last instock product_cat-cibo product_cat-senza-categoria has-post-thumbnail sale shipping-taxable purchasable product-type-simple\">\n\t<a href=\"https:\/\/thetuscanpaw.com\/negozio\/cibo-umido-150g\/\" class=\"woocommerce-LoopProduct-link woocommerce-loop-product__link\">\n\t<span class=\"onsale\" data-shape=\"type-2\">OFFERTA<\/span>\n\t<img loading=\"lazy\" decoding=\"async\" width=\"300\" height=\"300\" src=\"https:\/\/thetuscanpaw.com\/wp-content\/uploads\/2024\/12\/MANZO-300x300.jpg\" class=\"attachment-woocommerce_thumbnail size-woocommerce_thumbnail\" alt=\"Pat\u00e9 di Manzo con verdure x 10 unit\u00e0\" srcset=\"https:\/\/thetuscanpaw.com\/wp-content\/uploads\/2024\/12\/MANZO-300x300.jpg 300w, https:\/\/thetuscanpaw.com\/wp-content\/uploads\/2024\/12\/MANZO-150x150.jpg 150w, https:\/\/thetuscanpaw.com\/wp-content\/uploads\/2024\/12\/MANZO-768x768.jpg 768w, https:\/\/thetuscanpaw.com\/wp-content\/uploads\/2024\/12\/MANZO-600x600.jpg 600w, https:\/\/thetuscanpaw.com\/wp-content\/uploads\/2024\/12\/MANZO-100x100.jpg 100w, https:\/\/thetuscanpaw.com\/wp-content\/uploads\/2024\/12\/MANZO.jpg 1000w\" sizes=\"auto, (max-width: 300px) 100vw, 300px\" \/><h2 class=\"woocommerce-loop-product__title\">Pat\u00e9 di Manzo con verdure x 10 unit\u00e0<\/h2>\n\t<span class=\"price\"><span class=\"sale-price\"><del aria-hidden=\"true\"><span class=\"woocommerce-Price-amount amount\"><bdi>22,50&nbsp;<span class=\"woocommerce-Price-currencySymbol\">&euro;<\/span><\/bdi><\/span><\/del> <span class=\"screen-reader-text\">Il prezzo originale era: 22,50&nbsp;&euro;.<\/span><ins aria-hidden=\"true\"><span class=\"woocommerce-Price-amount amount\"><bdi>15,75&nbsp;<span class=\"woocommerce-Price-currencySymbol\">&euro;<\/span><\/bdi><\/span><\/ins><span class=\"screen-reader-text\">Il prezzo attuale \u00e8: 15,75&nbsp;&euro;.<\/span><\/span><\/span>\n<\/a><a href=\"?add-to-cart=71\" aria-describedby=\"woocommerce_loop_add_to_cart_link_describedby_71\" data-quantity=\"1\" class=\"button product_type_simple add_to_cart_button ajax_add_to_cart\" data-product_id=\"71\" data-product_sku=\"PAMAVE.10P150\" aria-label=\"Aggiungi al carrello: &quot;Pat\u00e9 di Manzo con verdure x 10 unit\u00e0&quot;\" rel=\"nofollow\" data-success_message=\"&quot;Pat\u00e9 di Manzo con verdure x 10 unit\u00e0&quot; \u00e8 stato aggiunto al tuo carrello.\">Aggiungi al carrello<\/a>\t<span id=\"woocommerce_loop_add_to_cart_link_describedby_71\" class=\"screen-reader-text\">\n\t\t\t<\/span>\n<\/li>\n<\/ul>\n<\/div>\t\t\t\t<\/div>\n\t\t\t\t<\/div>\n\t\t\t\t\t<\/div>\n\t\t\t\t<\/div>\n\t\t<div class=\"elementor-element elementor-element-954ea87 e-flex e-con-boxed e-con e-parent\" data-id=\"954ea87\" data-element_type=\"container\">\n\t\t\t\t\t<div class=\"e-con-inner\">\n\t\t\t\t<div class=\"elementor-element elementor-element-ca6b576 elementor-widget elementor-widget-spacer\" data-id=\"ca6b576\" data-element_type=\"widget\" data-widget_type=\"spacer.default\">\n\t\t\t\t<div class=\"elementor-widget-container\">\n\t\t\t\t\t\t\t<div class=\"elementor-spacer\">\n\t\t\t<div class=\"elementor-spacer-inner\"><\/div>\n\t\t<\/div>\n\t\t\t\t\t\t<\/div>\n\t\t\t\t<\/div>\n\t\t\t\t<div class=\"elementor-element elementor-element-5acaa33 elementor-widget elementor-widget-heading\" data-id=\"5acaa33\" data-element_type=\"widget\" data-widget_type=\"heading.default\">\n\t\t\t\t<div class=\"elementor-widget-container\">\n\t\t\t\t\t<h2 class=\"elementor-heading-title elementor-size-default\">Prodotti in abbonamento<\/h2>\t\t\t\t<\/div>\n\t\t\t\t<\/div>\n\t\t\t\t<div class=\"elementor-element elementor-element-3801df3 elementor-widget elementor-widget-text-editor\" data-id=\"3801df3\" data-element_type=\"widget\" data-widget_type=\"text-editor.default\">\n\t\t\t\t<div class=\"elementor-widget-container\">\n\t\t\t\t\t\t\t\t\t<p>Rendi l&#8217;alimentazione del tuo peloso ancora pi\u00f9 semplice con un abbonamento mensile. Cibo fresco sempre a portata di mano, senza dover pensare al prossimo ordine!<\/p>\t\t\t\t\t\t\t\t<\/div>\n\t\t\t\t<\/div>\n\t\t\t\t<div class=\"elementor-element elementor-element-6b0eb02 elementor-grid-2 elementor-grid-tablet-3 elementor-grid-mobile-2 elementor-products-grid elementor-wc-products elementor-widget elementor-widget-woocommerce-products\" data-id=\"6b0eb02\" data-element_type=\"widget\" data-widget_type=\"woocommerce-products.default\">\n\t\t\t\t<div class=\"elementor-widget-container\">\n\t\t\t\t\t<div class=\"woocommerce columns-2 \"><ul class=\"products elementor-grid columns-2\" data-products=\"type-1\" data-hover=\"zoom-in\">\n<li class=\"product type-product post-5698 status-publish first instock product_cat-abbonamenti product_tag-abbonamenti has-post-thumbnail featured shipping-taxable purchasable product-type-subscription\">\n\t<a href=\"https:\/\/thetuscanpaw.com\/negozio\/pate-di-manzo-con-verdure-x-60-unita-2\/\" class=\"woocommerce-LoopProduct-link woocommerce-loop-product__link\"><img loading=\"lazy\" decoding=\"async\" width=\"300\" height=\"300\" src=\"https:\/\/thetuscanpaw.com\/wp-content\/uploads\/2024\/12\/MANZO-300x300.jpg\" class=\"attachment-woocommerce_thumbnail size-woocommerce_thumbnail\" alt=\"Pat\u00e9 di Manzo con verdure x 60 unit\u00e0\" srcset=\"https:\/\/thetuscanpaw.com\/wp-content\/uploads\/2024\/12\/MANZO-300x300.jpg 300w, https:\/\/thetuscanpaw.com\/wp-content\/uploads\/2024\/12\/MANZO-150x150.jpg 150w, https:\/\/thetuscanpaw.com\/wp-content\/uploads\/2024\/12\/MANZO-768x768.jpg 768w, https:\/\/thetuscanpaw.com\/wp-content\/uploads\/2024\/12\/MANZO-600x600.jpg 600w, https:\/\/thetuscanpaw.com\/wp-content\/uploads\/2024\/12\/MANZO-100x100.jpg 100w, https:\/\/thetuscanpaw.com\/wp-content\/uploads\/2024\/12\/MANZO.jpg 1000w\" sizes=\"auto, (max-width: 300px) 100vw, 300px\" \/><h2 class=\"woocommerce-loop-product__title\">Pat\u00e9 di Manzo con verdure x 60 unit\u00e0<\/h2>\n\t<span class=\"price\"><span class=\"woocommerce-Price-amount amount\"><bdi>117,00&nbsp;<span class=\"woocommerce-Price-currencySymbol\">&euro;<\/span><\/bdi><\/span> <span class=\"subscription-details\">\/mese<\/span><\/span>\n<\/a><a href=\"?add-to-cart=5698\" aria-describedby=\"woocommerce_loop_add_to_cart_link_describedby_5698\" data-quantity=\"1\" class=\"button product_type_subscription add_to_cart_button ajax_add_to_cart\" data-product_id=\"5698\" data-product_sku=\"AB.POMAVE.60P150\" aria-label=\"Aggiungi al carrello: &quot;Pat\u00e9 di Manzo con verdure x 60 unit\u00e0&quot;\" rel=\"nofollow\" data-success_message=\"&quot;Pat\u00e9 di Manzo con verdure x 60 unit\u00e0&quot; \u00e8 stato aggiunto al tuo carrello.\">Iscriviti ora<\/a>\t<span id=\"woocommerce_loop_add_to_cart_link_describedby_5698\" class=\"screen-reader-text\">\n\t\t\t<\/span>\n<\/li>\n<li class=\"product type-product post-5697 status-publish last instock product_cat-abbonamenti product_tag-abbonamenti has-post-thumbnail sale featured shipping-taxable purchasable product-type-subscription\">\n\t<a href=\"https:\/\/thetuscanpaw.com\/negozio\/pate-di-manzo-con-verdure-x-10-unita\/\" class=\"woocommerce-LoopProduct-link woocommerce-loop-product__link\">\n\t<span class=\"onsale\" data-shape=\"type-2\">OFFERTA<\/span>\n\t<img loading=\"lazy\" decoding=\"async\" width=\"300\" height=\"300\" src=\"https:\/\/thetuscanpaw.com\/wp-content\/uploads\/2024\/12\/MANZO-300x300.jpg\" class=\"attachment-woocommerce_thumbnail size-woocommerce_thumbnail\" alt=\"Pat\u00e9 di Manzo con verdure x 10 unit\u00e0\" srcset=\"https:\/\/thetuscanpaw.com\/wp-content\/uploads\/2024\/12\/MANZO-300x300.jpg 300w, https:\/\/thetuscanpaw.com\/wp-content\/uploads\/2024\/12\/MANZO-150x150.jpg 150w, https:\/\/thetuscanpaw.com\/wp-content\/uploads\/2024\/12\/MANZO-768x768.jpg 768w, https:\/\/thetuscanpaw.com\/wp-content\/uploads\/2024\/12\/MANZO-600x600.jpg 600w, https:\/\/thetuscanpaw.com\/wp-content\/uploads\/2024\/12\/MANZO-100x100.jpg 100w, https:\/\/thetuscanpaw.com\/wp-content\/uploads\/2024\/12\/MANZO.jpg 1000w\" sizes=\"auto, (max-width: 300px) 100vw, 300px\" \/><h2 class=\"woocommerce-loop-product__title\">Pat\u00e9 di Manzo con verdure x 10 unit\u00e0<\/h2>\n\t<span class=\"price\"><span class=\"sale-price\"><del aria-hidden=\"true\"><span class=\"woocommerce-Price-amount amount\"><bdi>19,50&nbsp;<span class=\"woocommerce-Price-currencySymbol\">&euro;<\/span><\/bdi><\/span><\/del> <span class=\"screen-reader-text\">Il prezzo originale era: 19,50&nbsp;&euro;.<\/span><ins aria-hidden=\"true\"><span class=\"woocommerce-Price-amount amount\"><bdi>14,50&nbsp;<span class=\"woocommerce-Price-currencySymbol\">&euro;<\/span><\/bdi><\/span><\/ins><span class=\"screen-reader-text\">Il prezzo attuale \u00e8: 14,50&nbsp;&euro;.<\/span><\/span> <span class=\"subscription-details\">\/mese<\/span><\/span>\n<\/a><a href=\"?add-to-cart=5697\" aria-describedby=\"woocommerce_loop_add_to_cart_link_describedby_5697\" data-quantity=\"1\" class=\"button product_type_subscription add_to_cart_button ajax_add_to_cart\" data-product_id=\"5697\" data-product_sku=\"AB.PAMAVE.10P150\" aria-label=\"Aggiungi al carrello: &quot;Pat\u00e9 di Manzo con verdure x 10 unit\u00e0&quot;\" rel=\"nofollow\" data-success_message=\"&quot;Pat\u00e9 di Manzo con verdure x 10 unit\u00e0&quot; \u00e8 stato aggiunto al tuo carrello.\">Iscriviti ora<\/a>\t<span id=\"woocommerce_loop_add_to_cart_link_describedby_5697\" class=\"screen-reader-text\">\n\t\t\t<\/span>\n<\/li>\n<\/ul>\n<\/div>\t\t\t\t<\/div>\n\t\t\t\t<\/div>\n\t\t\t\t\t<\/div>\n\t\t\t\t<\/div>\n\t\t\t\t<\/div>\n\t\t","protected":false},"excerpt":{"rendered":"<p>Prodotti Realizzato con carne di manzo fresca e di alta qualit\u00e0, il nostro pat\u00e9 offre un&#8217;alimentazione ricca di proteine e povera di grassi. Perfetto per soddisfare il palato del tuo peloso, questo pat\u00e9 \u00e8 anche facilmente digeribile e ideale per cani di tutte le et\u00e0. Un pasto sano e delizioso, sempre pronto, ordina subito! Prodotti [&hellip;]<\/p>\n","protected":false},"author":1,"featured_media":0,"parent":0,"menu_order":0,"comment_status":"closed","ping_status":"closed","template":"","meta":{"footnotes":""},"class_list":["post-64","page","type-page","status-publish","hentry"],"blocksy_meta":[],"_links":{"self":[{"href":"https:\/\/thetuscanpaw.com\/wp-json\/wp\/v2\/pages\/64","targetHints":{"allow":["GET"]}}],"collection":[{"href":"https:\/\/thetuscanpaw.com\/wp-json\/wp\/v2\/pages"}],"about":[{"href":"https:\/\/thetuscanpaw.com\/wp-json\/wp\/v2\/types\/page"}],"author":[{"embeddable":true,"href":"https:\/\/thetuscanpaw.com\/wp-json\/wp\/v2\/users\/1"}],"replies":[{"embeddable":true,"href":"https:\/\/thetuscanpaw.com\/wp-json\/wp\/v2\/comments?post=64"}],"version-history":[{"count":25,"href":"https:\/\/thetuscanpaw.com\/wp-json\/wp\/v2\/pages\/64\/revisions"}],"predecessor-version":[{"id":6161,"href":"https:\/\/thetuscanpaw.com\/wp-json\/wp\/v2\/pages\/64\/revisions\/6161"}],"wp:attachment":[{"href":"https:\/\/thetuscanpaw.com\/wp-json\/wp\/v2\/media?parent=64"}],"curies":[{"name":"wp","href":"https:\/\/api.w.org\/{rel}","templated":true}]}}